{"id":90,"date":"2020-07-02T12:07:35","date_gmt":"2020-07-02T10:07:35","guid":{"rendered":"http:\/\/limbo127.ddns.info\/blog\/?page_id=90"},"modified":"2025-10-15T19:24:48","modified_gmt":"2025-10-15T17:24:48","slug":"les-tarifs","status":"publish","type":"page","link":"https:\/\/www.abhyasa.fr\/index.php\/coursdeyoga\/les-tarifs\/","title":{"rendered":"Des Tarifs"},"content":{"rendered":"<p><span style=\"text-decoration: underline;\"><img loading=\"lazy\" decoding=\"async\" class=\" wp-image-141 alignleft\" src=\"http:\/\/limbo127.ddns.info\/blog\/wp-content\/uploads\/2020\/07\/cropped-IMG_2152-e1593594539523-300x300.jpg\" alt=\"cropped-IMG_2152-e1593594539523.jpg\" width=\"271\" height=\"271\" srcset=\"https:\/\/www.abhyasa.fr\/wp-content\/uploads\/2020\/07\/cropped-IMG_2152-e1593594539523-300x300.jpg 300w, https:\/\/www.abhyasa.fr\/wp-content\/uploads\/2020\/07\/cropped-IMG_2152-e1593594539523-150x150.jpg 150w, https:\/\/www.abhyasa.fr\/wp-content\/uploads\/2020\/07\/cropped-IMG_2152-e1593594539523-270x270.jpg 270w, https:\/\/www.abhyasa.fr\/wp-content\/uploads\/2020\/07\/cropped-IMG_2152-e1593594539523-192x192.jpg 192w, https:\/\/www.abhyasa.fr\/wp-content\/uploads\/2020\/07\/cropped-IMG_2152-e1593594539523-180x180.jpg 180w, https:\/\/www.abhyasa.fr\/wp-content\/uploads\/2020\/07\/cropped-IMG_2152-e1593594539523-32x32.jpg 32w, https:\/\/www.abhyasa.fr\/wp-content\/uploads\/2020\/07\/cropped-IMG_2152-e1593594539523.jpg 512w\" sizes=\"auto, (max-width: 271px) 100vw, 271px\" \/><\/span><\/p>\n<p><strong><em><span style=\"color: #ff6600;\">S\u00e9ance de YOGA<br \/>\n<\/span><\/em><\/strong><\/p>\n<p><span style=\"color: #000000;\">Premier cours d&rsquo;essai <strong><em>Gratuit<\/em><\/strong><\/span><\/p>\n<p><span style=\"color: #000000;\">Cartes de 10 S\u00e9ances <strong><em>60 euros + <\/em><\/strong><em>adh\u00e9sion \u00e0 l&rsquo;association Abhyasa<\/em><strong><em> 5 euros<\/em><\/strong><\/span><\/p>\n<p><span style=\"color: #000000;\">S\u00e9ance yoga individuel <em><strong>28 euros de l&rsquo;heure<\/strong><\/em><\/span><\/p>\n<p><span style=\"color: #000000;\">S\u00e9ance yoga th\u00e9rapie <em><strong>45 euros de l&rsquo;heure<br \/>\n<\/strong><\/em><\/span><\/p>\n<p><span style=\"color: #000000;\">S\u00e9ance de Yoga B\u00e9b\u00e9 <strong><em>40 euros la demi-heure<\/em><\/strong><\/span><\/p>\n<p><span style=\"color: #000000;\"><span style=\"text-decoration: underline;\">Initiation Yoga \u00e0 l&rsquo;\u00e9cole<\/span> : <strong><em>50 euros de l&rsquo;heure<\/em><\/strong><\/span><\/p>\n<p><span style=\"color: #000000;\"><span style=\"text-decoration: underline;\">Initiation Yoga en entreprise<\/span> : <strong><em>75 euros de l&rsquo;heure<\/em><\/strong><\/span><\/p>\n<p style=\"text-align: left;\">\n","protected":false},"excerpt":{"rendered":"<p>S\u00e9ance de YOGA Premier cours d&rsquo;essai Gratuit Cartes de 10 S\u00e9ances 60 euros + adh\u00e9sion \u00e0 l&rsquo;association Abhyasa 5 euros S\u00e9ance yoga individuel 28 euros de l&rsquo;heure S\u00e9ance yoga th\u00e9rapie 45 euros de l&rsquo;heure S\u00e9ance &hellip;<\/p>\n","protected":false},"author":1,"featured_media":0,"parent":32,"menu_order":7,"comment_status":"closed","ping_status":"closed","template":"","meta":{"footnotes":""},"class_list":["post-90","page","type-page","status-publish","hentry"],"_links":{"self":[{"href":"https:\/\/www.abhyasa.fr\/index.php\/wp-json\/wp\/v2\/pages\/90","targetHints":{"allow":["GET"]}}],"collection":[{"href":"https:\/\/www.abhyasa.fr\/index.php\/wp-json\/wp\/v2\/pages"}],"about":[{"href":"https:\/\/www.abhyasa.fr\/index.php\/wp-json\/wp\/v2\/types\/page"}],"author":[{"embeddable":true,"href":"https:\/\/www.abhyasa.fr\/index.php\/wp-json\/wp\/v2\/users\/1"}],"replies":[{"embeddable":true,"href":"https:\/\/www.abhyasa.fr\/index.php\/wp-json\/wp\/v2\/comments?post=90"}],"version-history":[{"count":36,"href":"https:\/\/www.abhyasa.fr\/index.php\/wp-json\/wp\/v2\/pages\/90\/revisions"}],"predecessor-version":[{"id":1403,"href":"https:\/\/www.abhyasa.fr\/index.php\/wp-json\/wp\/v2\/pages\/90\/revisions\/1403"}],"up":[{"embeddable":true,"href":"https:\/\/www.abhyasa.fr\/index.php\/wp-json\/wp\/v2\/pages\/32"}],"wp:attachment":[{"href":"https:\/\/www.abhyasa.fr\/index.php\/wp-json\/wp\/v2\/media?parent=90"}],"curies":[{"name":"wp","href":"https:\/\/api.w.org\/{rel}","templated":true}]}}