{"id":761,"date":"2020-10-18T09:11:04","date_gmt":"2020-10-18T07:11:04","guid":{"rendered":"http:\/\/www.abhyasa.fr\/?page_id=761"},"modified":"2025-07-21T18:14:34","modified_gmt":"2025-07-21T16:14:34","slug":"cours-de-yoga-a-ouistreham","status":"publish","type":"page","link":"https:\/\/www.abhyasa.fr\/index.php\/coursdeyoga\/cours-de-yoga-a-ouistreham\/","title":{"rendered":"Yoga (Cours en individuel)"},"content":{"rendered":"\n<p class=\"has-text-align-center\"><\/p>\n\n\n<div class=\"wp-block-image\">\n<figure class=\"aligncenter size-large is-resized\"><img loading=\"lazy\" decoding=\"async\" width=\"1024\" height=\"1024\" src=\"http:\/\/www.abhyasa.fr\/wp-content\/uploads\/2020\/07\/IMG_2151-e1593598646141-1024x1024.jpg\" alt=\"\" class=\"wp-image-12\" style=\"width:400px;height:400px\" srcset=\"https:\/\/www.abhyasa.fr\/wp-content\/uploads\/2020\/07\/IMG_2151-e1593598646141-1024x1024.jpg 1024w, https:\/\/www.abhyasa.fr\/wp-content\/uploads\/2020\/07\/IMG_2151-e1593598646141-150x150.jpg 150w, https:\/\/www.abhyasa.fr\/wp-content\/uploads\/2020\/07\/IMG_2151-e1593598646141-300x300.jpg 300w, https:\/\/www.abhyasa.fr\/wp-content\/uploads\/2020\/07\/IMG_2151-e1593598646141-768x768.jpg 768w, https:\/\/www.abhyasa.fr\/wp-content\/uploads\/2020\/07\/IMG_2151-e1593598646141-1200x1200.jpg 1200w\" sizes=\"auto, (max-width: 1024px) 100vw, 1024px\" \/><\/figure><\/div>\n\n\n<p class=\"has-text-align-center\"><mark style=\"background-color:rgba(0, 0, 0, 0)\" class=\"has-inline-color has-accent-2-color\"><strong>S\u00e9ance Individuelle de YOGA<br><\/strong>sur Rendez-vous<\/mark><\/p>\n\n\n\n<p class=\"has-text-align-center\">abhyasa.coursdeyoga@gmail.com<\/p>\n\n\n\n<p class=\"has-text-align-center\"><mark style=\"background-color:rgba(0, 0, 0, 0)\" class=\"has-inline-color has-accent-1-color\">Tarifs <strong>28 euros\/s\u00e9ance<\/strong><\/mark><\/p>\n\n\n\n<p class=\"has-text-align-center\">Les s\u00e9ances se d\u00e9roulent au<\/p>\n\n\n\n<p class=\"has-text-align-center\"><strong>1 Rue des Acacias<\/strong><\/p>\n\n\n\n<p class=\"has-text-align-center\"><a href=\"https:\/\/www.google.fr\/maps\/place\/Rue+des+Acacias,+14150+Ouistreham\/@49.2840204,-0.2604347,17z\/data=!3m1!4b1!4m5!3m4!1s0x480a63ff810e13ad:0x993fa88ac02af199!8m2!3d49.2840204!4d-0.2582407\" target=\"_blank\" rel=\"noopener\">Voir le Plan<\/a><\/p>\n\n\n\n<p class=\"has-text-align-center\"><\/p>\n","protected":false},"excerpt":{"rendered":"<p>S\u00e9ance Individuelle de YOGAsur Rendez-vous abhyasa.coursdeyoga@gmail.com Tarifs 28 euros\/s\u00e9ance Les s\u00e9ances se d\u00e9roulent au 1 Rue des Acacias Voir le Plan<\/p>\n","protected":false},"author":1,"featured_media":0,"parent":32,"menu_order":3,"comment_status":"closed","ping_status":"closed","template":"","meta":{"footnotes":""},"class_list":["post-761","page","type-page","status-publish","hentry"],"_links":{"self":[{"href":"https:\/\/www.abhyasa.fr\/index.php\/wp-json\/wp\/v2\/pages\/761","targetHints":{"allow":["GET"]}}],"collection":[{"href":"https:\/\/www.abhyasa.fr\/index.php\/wp-json\/wp\/v2\/pages"}],"about":[{"href":"https:\/\/www.abhyasa.fr\/index.php\/wp-json\/wp\/v2\/types\/page"}],"author":[{"embeddable":true,"href":"https:\/\/www.abhyasa.fr\/index.php\/wp-json\/wp\/v2\/users\/1"}],"replies":[{"embeddable":true,"href":"https:\/\/www.abhyasa.fr\/index.php\/wp-json\/wp\/v2\/comments?post=761"}],"version-history":[{"count":18,"href":"https:\/\/www.abhyasa.fr\/index.php\/wp-json\/wp\/v2\/pages\/761\/revisions"}],"predecessor-version":[{"id":1345,"href":"https:\/\/www.abhyasa.fr\/index.php\/wp-json\/wp\/v2\/pages\/761\/revisions\/1345"}],"up":[{"embeddable":true,"href":"https:\/\/www.abhyasa.fr\/index.php\/wp-json\/wp\/v2\/pages\/32"}],"wp:attachment":[{"href":"https:\/\/www.abhyasa.fr\/index.php\/wp-json\/wp\/v2\/media?parent=761"}],"curies":[{"name":"wp","href":"https:\/\/api.w.org\/{rel}","templated":true}]}}