{"id":76,"date":"2020-07-02T12:02:10","date_gmt":"2020-07-02T10:02:10","guid":{"rendered":"http:\/\/limbo127.ddns.info\/blog\/?page_id=76"},"modified":"2025-05-12T14:05:13","modified_gmt":"2025-05-12T12:05:13","slug":"mon-parcours","status":"publish","type":"page","link":"https:\/\/www.abhyasa.fr\/index.php\/a-propos-2\/mon-parcours\/","title":{"rendered":"De mon Parcours"},"content":{"rendered":"<p><span style=\"color: #000000;\">En 2009, je d\u00e9cide de reprendre des \u00e9tudes et me lance dans un Master de Philosophie \u00e0 l&rsquo;universit\u00e9 de CAEN. Une v\u00e9ritable travers\u00e9e et apprentissage rigoureux des grands textes philosophiques. Cependant, la perspective de passer la plupart de mon temps assise sur une chaise \u00e0 lire et \u00e0 \u00e9crire me pousse \u00e0 trouver une activit\u00e9 corporelle qui puisse ne pas laisser mon corps en reste. Quelle d\u00e9couverte inattendue j&rsquo;ai alors faite au sein de l&rsquo;universit\u00e9. Le YOGA, une r\u00e9v\u00e9lation corporelle ! Lors de la premi\u00e8re s\u00e9ance, les effets sont imm\u00e9diats, je ressens un d\u00e9blocage \u00e9nerg\u00e9tique au niveau de mon plexus solaire et une d\u00e9tente profonde, le soir m\u00eame, avant l&rsquo;endormissement. D\u00e8s cette premi\u00e8re s\u00e9ance, sans pouvoir imaginer que mon choix professionnel se tournerait d\u00e9finitivement vers lui, j&rsquo;ai su que le YOGA aurait, dans ma vie, une place essentielle, structurante et lib\u00e9ratrice. Et \u00e0 ce titre, je remercie, tout particuli\u00e8rement, mon premier ma\u00eetre<em> \u0b9a\u0bc1\u0ba8\u0bcd\u0ba4\u0bb0\u0bcd<\/em>. <\/span><\/p>\n<p><span style=\"color: #000000;\">Voil\u00e0 donc plus de 16 ans que je pratique le YOGA : cinq ann\u00e9es de <strong>YOGA postural Iyengar<\/strong><\/span><span style=\"color: #000000;\">, une ann\u00e9e de <strong>YOGA pr\u00e9natal<\/strong><\/span><span style=\"color: #000000;\">, deux ans de <strong>Hatha YOGA<\/strong> inspir\u00e9 de la m\u00e9thode <strong>Andr\u00e9 Van Lysebeth<\/strong> et enfin quatre ann\u00e9es de formation professionnelle au <strong>Hatha<\/strong> <strong>(N\u00e2tha) Yoga<\/strong>. Je suis maintenant <strong>professeur de Yoga depuis 2019<\/strong>.<br \/>\n<\/span><\/p>\n<figure id=\"attachment_496\" aria-describedby=\"caption-attachment-496\" style=\"width: 273px\" class=\"wp-caption aligncenter\"><img loading=\"lazy\" decoding=\"async\" class=\"size-medium wp-image-496\" src=\"http:\/\/www.abhyasa.fr\/wp-content\/uploads\/2020\/08\/IMG_4450-2-273x300.jpg\" alt=\"Extrait de la bande dessin\u00e9e &quot;L'Eveil du Zoo&quot;, p.56, Sophie Aumont, 2013.\" width=\"273\" height=\"300\" srcset=\"https:\/\/www.abhyasa.fr\/wp-content\/uploads\/2020\/08\/IMG_4450-2-273x300.jpg 273w, https:\/\/www.abhyasa.fr\/wp-content\/uploads\/2020\/08\/IMG_4450-2-768x843.jpg 768w, https:\/\/www.abhyasa.fr\/wp-content\/uploads\/2020\/08\/IMG_4450-2-933x1024.jpg 933w\" sizes=\"auto, (max-width: 273px) 100vw, 273px\" \/><figcaption id=\"caption-attachment-496\" class=\"wp-caption-text\">Extrait de la bande dessin\u00e9e \u00ab\u00a0L&rsquo;Eveil du Zoo\u00a0\u00bb, p.56, Sophie Aumont, 2013.<\/figcaption><\/figure>\n","protected":false},"excerpt":{"rendered":"<p>En 2009, je d\u00e9cide de reprendre des \u00e9tudes et me lance dans un Master de Philosophie \u00e0 l&rsquo;universit\u00e9 de CAEN. Une v\u00e9ritable travers\u00e9e et apprentissage rigoureux des grands textes philosophiques. Cependant, la perspective de passer &hellip;<\/p>\n","protected":false},"author":1,"featured_media":0,"parent":29,"menu_order":2,"comment_status":"closed","ping_status":"closed","template":"","meta":{"footnotes":""},"class_list":["post-76","page","type-page","status-publish","hentry"],"_links":{"self":[{"href":"https:\/\/www.abhyasa.fr\/index.php\/wp-json\/wp\/v2\/pages\/76","targetHints":{"allow":["GET"]}}],"collection":[{"href":"https:\/\/www.abhyasa.fr\/index.php\/wp-json\/wp\/v2\/pages"}],"about":[{"href":"https:\/\/www.abhyasa.fr\/index.php\/wp-json\/wp\/v2\/types\/page"}],"author":[{"embeddable":true,"href":"https:\/\/www.abhyasa.fr\/index.php\/wp-json\/wp\/v2\/users\/1"}],"replies":[{"embeddable":true,"href":"https:\/\/www.abhyasa.fr\/index.php\/wp-json\/wp\/v2\/comments?post=76"}],"version-history":[{"count":36,"href":"https:\/\/www.abhyasa.fr\/index.php\/wp-json\/wp\/v2\/pages\/76\/revisions"}],"predecessor-version":[{"id":1280,"href":"https:\/\/www.abhyasa.fr\/index.php\/wp-json\/wp\/v2\/pages\/76\/revisions\/1280"}],"up":[{"embeddable":true,"href":"https:\/\/www.abhyasa.fr\/index.php\/wp-json\/wp\/v2\/pages\/29"}],"wp:attachment":[{"href":"https:\/\/www.abhyasa.fr\/index.php\/wp-json\/wp\/v2\/media?parent=76"}],"curies":[{"name":"wp","href":"https:\/\/api.w.org\/{rel}","templated":true}]}}