{"id":754,"date":"2020-10-14T14:28:40","date_gmt":"2020-10-14T12:28:40","guid":{"rendered":"http:\/\/www.abhyasa.fr\/?page_id=754"},"modified":"2020-10-14T14:32:11","modified_gmt":"2020-10-14T12:32:11","slug":"posture-du-chien-tete-vers-le-haut","status":"publish","type":"page","link":"https:\/\/www.abhyasa.fr\/index.php\/posture-du-chien-tete-vers-le-haut\/","title":{"rendered":"Posture du Chien t\u00eate vers le haut"},"content":{"rendered":"\n<p class=\"has-text-align-center\">Posture du <strong>Chien t\u00eate vers le haut<\/strong> (Urhva-mukha-svan\u00e2sana)<\/p>\n\n\n\n<div class=\"wp-block-image\"><figure class=\"aligncenter size-large is-resized\"><img loading=\"lazy\" decoding=\"async\" src=\"http:\/\/www.abhyasa.fr\/wp-content\/uploads\/2020\/10\/IMG_20200825_104913-2-848x1024.jpg\" alt=\"\" class=\"wp-image-755\" width=\"236\" height=\"285\" srcset=\"https:\/\/www.abhyasa.fr\/wp-content\/uploads\/2020\/10\/IMG_20200825_104913-2-848x1024.jpg 848w, https:\/\/www.abhyasa.fr\/wp-content\/uploads\/2020\/10\/IMG_20200825_104913-2-248x300.jpg 248w, https:\/\/www.abhyasa.fr\/wp-content\/uploads\/2020\/10\/IMG_20200825_104913-2-768x927.jpg 768w, https:\/\/www.abhyasa.fr\/wp-content\/uploads\/2020\/10\/IMG_20200825_104913-2-1272x1536.jpg 1272w, https:\/\/www.abhyasa.fr\/wp-content\/uploads\/2020\/10\/IMG_20200825_104913-2-1696x2048.jpg 1696w\" sizes=\"auto, (max-width: 236px) 100vw, 236px\" \/><\/figure><\/div>\n\n\n\n<p class=\"has-text-align-center\"><strong><span class=\"has-inline-color has-accent-2-color\">Bienfaits physiologiques<\/span><\/strong><\/p>\n\n\n\n<p class=\"has-text-align-center\">&gt; D\u00e9veloppe la<strong> force<\/strong><\/p>\n\n\n\n<p class=\"has-text-align-center\">&gt; D\u00e9fait les<strong> tensions<\/strong><\/p>\n\n\n\n<p class=\"has-text-align-center\">&gt; Stimule le<strong> syst\u00e8me immunitaire<\/strong><\/p>\n\n\n\n<p class=\"has-text-align-center\">> O<strong>uvre la poitrine et la r\u00e9gion du c\u0153ur<\/strong> et stimule le <strong>syst\u00e8me respiratoire<\/strong>.<\/p>\n\n\n\n<p class=\"has-text-align-center\">> D\u00e9contracte <strong>le dos<\/strong>.<\/p>\n\n\n\n<p class=\"has-text-align-center\">&gt;Stimule les fonctions des <strong>organes digestifs<\/strong> de l\u2019abdomen.<\/p>\n\n\n\n<p class=\"has-text-align-center\"><strong><span class=\"has-inline-color has-accent-2-color\">Bienfaits psycho-\u00e9motionnels<\/span><\/strong><\/p>\n\n\n\n<p class=\"has-text-align-center\">&gt;Am\u00e9liore l\u2019\u00e9quilibre psychique&nbsp;: d\u00e9veloppe <strong>concentration<\/strong>, r\u00e9sistance au <strong>stress <\/strong>et <strong>confiance en soi<\/strong>.<\/p>\n\n\n\n<p class=\"has-text-align-center\"><strong><span class=\"has-inline-color has-accent-2-color\">Bienfaits \u00e9nerg\u00e9tiques<\/span><\/strong><\/p>\n\n\n\n<p class=\"has-text-align-center\">&gt; Favorise la <strong>mont\u00e9e d\u2019\u00e9nergie<\/strong><\/p>\n\n\n\n<p class=\"has-text-align-center\"><strong><span class=\"has-inline-color has-accent-2-color\">Chakras stimul\u00e9s<\/span><\/strong><\/p>\n\n\n\n<p class=\"has-text-align-center\">&gt; le Chakra sacr\u00e9, <strong>Swadisthana<\/strong> (sous le nombril, \u00e0 la pointe du coccyx, couleur orang\u00e9e).<\/p>\n","protected":false},"excerpt":{"rendered":"<p>Posture du Chien t\u00eate vers le haut (Urhva-mukha-svan\u00e2sana) Bienfaits physiologiques &gt; D\u00e9veloppe la force &gt; D\u00e9fait les tensions &gt; Stimule le syst\u00e8me immunitaire > Ouvre la poitrine et la r\u00e9gion du c\u0153ur et stimule le &hellip;<\/p>\n","protected":false},"author":1,"featured_media":0,"parent":0,"menu_order":0,"comment_status":"closed","ping_status":"closed","template":"","meta":{"footnotes":""},"class_list":["post-754","page","type-page","status-publish","hentry"],"_links":{"self":[{"href":"https:\/\/www.abhyasa.fr\/index.php\/wp-json\/wp\/v2\/pages\/754","targetHints":{"allow":["GET"]}}],"collection":[{"href":"https:\/\/www.abhyasa.fr\/index.php\/wp-json\/wp\/v2\/pages"}],"about":[{"href":"https:\/\/www.abhyasa.fr\/index.php\/wp-json\/wp\/v2\/types\/page"}],"author":[{"embeddable":true,"href":"https:\/\/www.abhyasa.fr\/index.php\/wp-json\/wp\/v2\/users\/1"}],"replies":[{"embeddable":true,"href":"https:\/\/www.abhyasa.fr\/index.php\/wp-json\/wp\/v2\/comments?post=754"}],"version-history":[{"count":2,"href":"https:\/\/www.abhyasa.fr\/index.php\/wp-json\/wp\/v2\/pages\/754\/revisions"}],"predecessor-version":[{"id":758,"href":"https:\/\/www.abhyasa.fr\/index.php\/wp-json\/wp\/v2\/pages\/754\/revisions\/758"}],"wp:attachment":[{"href":"https:\/\/www.abhyasa.fr\/index.php\/wp-json\/wp\/v2\/media?parent=754"}],"curies":[{"name":"wp","href":"https:\/\/api.w.org\/{rel}","templated":true}]}}