{"id":74,"date":"2020-07-02T12:01:43","date_gmt":"2020-07-02T10:01:43","guid":{"rendered":"http:\/\/limbo127.ddns.info\/blog\/?page_id=74"},"modified":"2025-11-11T18:06:06","modified_gmt":"2025-11-11T17:06:06","slug":"mes-formations","status":"publish","type":"page","link":"https:\/\/www.abhyasa.fr\/index.php\/a-propos-2\/mes-formations\/","title":{"rendered":"De mes Formations"},"content":{"rendered":"<figure id=\"attachment_191\" aria-describedby=\"caption-attachment-191\" style=\"width: 158px\" class=\"wp-caption alignleft\"><img loading=\"lazy\" decoding=\"async\" class=\"wp-image-191\" src=\"http:\/\/limbo127.ddns.info\/blog\/wp-content\/uploads\/2020\/07\/IMG_1992-e1593700347562-225x300.jpg\" alt=\"IMG_1992\" width=\"158\" height=\"211\" srcset=\"https:\/\/www.abhyasa.fr\/wp-content\/uploads\/2020\/07\/IMG_1992-e1593700347562-225x300.jpg 225w, https:\/\/www.abhyasa.fr\/wp-content\/uploads\/2020\/07\/IMG_1992-e1593700347562-768x1024.jpg 768w, https:\/\/www.abhyasa.fr\/wp-content\/uploads\/2020\/07\/IMG_1992-e1593700347562.jpg 960w\" sizes=\"auto, (max-width: 158px) 100vw, 158px\" \/><figcaption id=\"caption-attachment-191\" class=\"wp-caption-text\">Sophie AUMONT, Professeur de Yoga<\/figcaption><\/figure>\n<p><span style=\"color: #000000;\"><strong><span style=\"font-family: Source Sans Pro, sans-serif;\"><span style=\"font-size: small;\">Coach certifi\u00e9e M\u00e9thode MUNZ FLOOR\u00ae<\/span><\/span><\/strong><\/span><span style=\"font-family: Source Sans Pro, sans-serif;\"><span style=\"font-size: small;\">, form\u00e9e par Alexandre Munz et affili\u00e9e \u00e0 la Maison Munz.<\/span><\/span><\/p>\n<p><strong><span style=\"color: #000000;\"><span style=\"font-family: Source Sans Pro, sans-serif;\"><span style=\"font-size: small;\">PROFESSEUR de YOGA<\/span><\/span><\/span><\/strong><span style=\"color: #000000;\"><span style=\"font-family: Source Sans Pro, sans-serif;\"><span style=\"font-size: small;\">, Hatha-Yoga, form\u00e9e par la F\u00e9d\u00e9ration Fran\u00e7aise des \u00e9coles de Yoga de Aix-en-Provence.<\/span><\/span><\/span><\/p>\n<p><strong><span style=\"color: #000000;\"><span style=\"font-family: Source Sans Pro, sans-serif;\"><span style=\"font-size: small;\">MASTER II Philosophie recherche<\/span><\/span><\/span><\/strong><span style=\"color: #000000;\"><span style=\"font-family: Source Sans Pro, sans-serif;\"><span style=\"font-size: small;\">, obtenu <\/span><\/span><\/span><span style=\"color: #000000;\"><span style=\"font-family: Source Sans Pro, sans-serif;\"><span style=\"font-size: small;\"><i>avec mention <\/i><\/span><\/span><\/span><span style=\"color: #000000;\"><span style=\"font-family: Source Sans Pro, sans-serif;\"><span style=\"font-size: small;\">\u00e0 l\u2019universit\u00e9 de Caen.<\/span><\/span><\/span><\/p>\n<p><strong><span style=\"color: #000000;\"><span style=\"font-family: Source Sans Pro, sans-serif;\"><span style=\"font-size: small;\">MASTER I Philosophie recherche<\/span><\/span><\/span><\/strong><span style=\"color: #000000;\"><span style=\"font-family: Source Sans Pro, sans-serif;\"><span style=\"font-size: small;\">, obtenu <\/span><\/span><\/span><span style=\"color: #000000;\"><span style=\"font-family: Source Sans Pro, sans-serif;\"><span style=\"font-size: small;\"><i>avec mention<\/i><\/span><\/span><\/span><span style=\"color: #000000;\"><span style=\"font-family: Source Sans Pro, sans-serif;\"><span style=\"font-size: small;\"> \u00e0 l\u2019universit\u00e9 de Caen.<\/span><\/span><\/span><\/p>\n<p><strong><span style=\"color: #000000;\"><span style=\"font-family: Source Sans Pro, sans-serif;\"><span style=\"font-size: small;\">LICENCE Philosophie<\/span><\/span><\/span><\/strong><span style=\"color: #000000;\"><span style=\"font-family: Source Sans Pro, sans-serif;\"><span style=\"font-size: small;\">, obtenue \u00e0 l\u2019universit\u00e9 de Caen. <\/span><\/span><\/span><\/p>\n<p><strong><span style=\"color: #000000;\"><span style=\"font-family: Source Sans Pro, sans-serif;\"><span style=\"font-size: small;\">DNSEP<\/span><\/span><\/span><\/strong><span style=\"color: #000000;\"><span style=\"font-family: Source Sans Pro, sans-serif;\"><span style=\"font-size: small;\">, obtenu \u00e0 l\u2019\u00e9cole sup\u00e9rieure des Beaux-Arts de Caen.<\/span><\/span><\/span><\/p>\n<p><strong><span style=\"color: #000000;\">\u00a0<span style=\"font-family: Source Sans Pro, sans-serif;\"><span style=\"font-size: small;\">DNAP<\/span><\/span><\/span><\/strong><span style=\"color: #000000;\"><span style=\"font-family: Source Sans Pro, sans-serif;\"><span style=\"font-size: small;\">, obtenu <\/span><\/span><\/span><span style=\"color: #000000;\"><span style=\"font-family: Source Sans Pro, sans-serif;\"><span style=\"font-size: small;\"><i>avec mention<\/i><\/span><\/span><\/span><span style=\"color: #000000;\"><span style=\"font-family: Source Sans Pro, sans-serif;\"><span style=\"font-size: small;\"> \u00e0 l\u2019\u00e9cole sup\u00e9rieure des Beaux-Arts de Caen.<\/span><\/span><\/span><\/p>\n<p>&nbsp;<\/p>\n<p class=\"western\">\n","protected":false},"excerpt":{"rendered":"<p>Coach certifi\u00e9e M\u00e9thode MUNZ FLOOR\u00ae, form\u00e9e par Alexandre Munz et affili\u00e9e \u00e0 la Maison Munz. PROFESSEUR de YOGA, Hatha-Yoga, form\u00e9e par la F\u00e9d\u00e9ration Fran\u00e7aise des \u00e9coles de Yoga de Aix-en-Provence. MASTER II Philosophie recherche, obtenu &hellip;<\/p>\n","protected":false},"author":1,"featured_media":0,"parent":29,"menu_order":3,"comment_status":"closed","ping_status":"closed","template":"","meta":{"footnotes":""},"class_list":["post-74","page","type-page","status-publish","hentry"],"_links":{"self":[{"href":"https:\/\/www.abhyasa.fr\/index.php\/wp-json\/wp\/v2\/pages\/74","targetHints":{"allow":["GET"]}}],"collection":[{"href":"https:\/\/www.abhyasa.fr\/index.php\/wp-json\/wp\/v2\/pages"}],"about":[{"href":"https:\/\/www.abhyasa.fr\/index.php\/wp-json\/wp\/v2\/types\/page"}],"author":[{"embeddable":true,"href":"https:\/\/www.abhyasa.fr\/index.php\/wp-json\/wp\/v2\/users\/1"}],"replies":[{"embeddable":true,"href":"https:\/\/www.abhyasa.fr\/index.php\/wp-json\/wp\/v2\/comments?post=74"}],"version-history":[{"count":17,"href":"https:\/\/www.abhyasa.fr\/index.php\/wp-json\/wp\/v2\/pages\/74\/revisions"}],"predecessor-version":[{"id":1408,"href":"https:\/\/www.abhyasa.fr\/index.php\/wp-json\/wp\/v2\/pages\/74\/revisions\/1408"}],"up":[{"embeddable":true,"href":"https:\/\/www.abhyasa.fr\/index.php\/wp-json\/wp\/v2\/pages\/29"}],"wp:attachment":[{"href":"https:\/\/www.abhyasa.fr\/index.php\/wp-json\/wp\/v2\/media?parent=74"}],"curies":[{"name":"wp","href":"https:\/\/api.w.org\/{rel}","templated":true}]}}