{"id":728,"date":"2020-10-05T14:26:28","date_gmt":"2020-10-05T12:26:28","guid":{"rendered":"http:\/\/www.abhyasa.fr\/?page_id=728"},"modified":"2025-12-19T15:02:55","modified_gmt":"2025-12-19T14:02:55","slug":"creneaux-horaires-2020-2021","status":"publish","type":"page","link":"https:\/\/www.abhyasa.fr\/index.php\/creneaux-horaires-2020-2021\/","title":{"rendered":"Cr\u00e9neaux horaires 2025\/2026"},"content":{"rendered":"\n<figure class=\"wp-block-table alignleft is-style-regular\"><table class=\"has-fixed-layout\"><tbody><tr><td><\/td><td class=\"has-text-align-center\" data-align=\"center\">LUNDI<\/td><td class=\"has-text-align-center\" data-align=\"center\">MARDI<\/td><td class=\"has-text-align-center\" data-align=\"center\">MERCREDI<\/td><td class=\"has-text-align-center\" data-align=\"center\">JEUDI<\/td><td class=\"has-text-align-center\" data-align=\"center\">VENDREDI<\/td><td class=\"has-text-align-center\" data-align=\"center\">DIMANCHE   <\/td><\/tr><tr><td>10h<\/td><td class=\"has-text-align-center\" data-align=\"center\"><br><\/td><td class=\"has-text-align-center\" data-align=\"center\"><strong>10h \u00e0 11h<\/strong> <mark style=\"background-color:rgba(0, 0, 0, 0)\" class=\"has-inline-color has-accent-2-color\"><strong>Yoga sur Chaise<\/strong><\/mark> (Espace Vicquelin) Au Pavillon<\/td><td class=\"has-text-align-center\" data-align=\"center\"><\/td><td class=\"has-text-align-center\" data-align=\"center\"><strong>10h \u00e0 11h<\/strong> <mark style=\"background-color:rgba(0, 0, 0, 0)\" class=\"has-inline-color has-accent-2-color\"><strong>Yoga sur Chaise<\/strong><\/mark> (Espace Vicquelin) Au Pavillon<\/td><td class=\"has-text-align-center\" data-align=\"center\"><\/td><td class=\"has-text-align-center\" data-align=\"center\"><strong><strong>10h30 \u00e0 11h30 <\/strong><\/strong><span class=\"has-inline-color has-accent-2-color\"><strong>Hatha Yoga<\/strong> <\/span><strong> <\/strong>DOJO Saint-Martin des besaces<\/td><\/tr><tr><td>11h<\/td><td class=\"has-text-align-center\" data-align=\"center\"><strong>10h45 \u00e0 12h15<\/strong><br><strong> <mark style=\"background-color:rgba(0, 0, 0, 0)\" class=\"has-inline-color has-accent-2-color\"><mark style=\"background-color:rgba(0, 0, 0, 0)\" class=\"has-inline-color has-accent-2-color\">Hatha Yoga<\/mark><\/mark><\/strong> La grange aux d\u00eemes (Yoga Club)<\/td><td class=\"has-text-align-center\" data-align=\"center\"><strong>11h15 \u00e0 <\/strong><mark style=\"background-color:rgba(0, 0, 0, 0)\" class=\"has-inline-color has-accent-1-color\"><strong>12h15<\/strong><\/mark><mark style=\"background-color:rgba(0, 0, 0, 0)\" class=\"has-inline-color has-accent-2-color\"> <strong>Yoga sur Chaise<\/strong><\/mark> (Espace Vicquelin) Au Pavillon<\/td><td class=\"has-text-align-center\" data-align=\"center\"><\/td><td class=\"has-text-align-center\" data-align=\"center\"><strong>11h15 \u00e0 <\/strong><mark style=\"background-color:rgba(0, 0, 0, 0)\" class=\"has-inline-color has-accent-1-color\"><strong>12h15<\/strong><\/mark><mark style=\"background-color:rgba(0, 0, 0, 0)\" class=\"has-inline-color has-accent-2-color\"> <strong>Yoga sur Chaise<\/strong><\/mark> (Espace Vicquelin) Au Pavillon<\/td><td class=\"has-text-align-center\" data-align=\"center\"><strong>11h \u00e0<mark style=\"background-color:rgba(0, 0, 0, 0)\" class=\"has-inline-color has-accent-1-color\"> 12h15 <\/mark><\/strong><mark style=\"background-color:rgba(0, 0, 0, 0)\" class=\"has-inline-color has-accent-2-color\"><strong>Hatha Yoga<\/strong> <\/mark> Au Pavillon<\/td><td class=\"has-text-align-center\" data-align=\"center\"><\/td><\/tr><tr><td>12h<\/td><td class=\"has-text-align-center\" data-align=\"center\"><\/td><td class=\"has-text-align-center\" data-align=\"center\"><\/td><td class=\"has-text-align-center\" data-align=\"center\"><\/td><td class=\"has-text-align-center\" data-align=\"center\"><strong>12h30 \u00e0 13h30 <\/strong><mark style=\"background-color:rgba(0, 0, 0, 0)\" class=\"has-inline-color has-accent-2-color\"><strong>Yoga Relaxation<\/strong><\/mark><mark style=\"background-color:rgba(0, 0, 0, 0)\" class=\"has-inline-color has-sitetext-color\"> Au Pavillon<\/mark><\/td><td class=\"has-text-align-center\" data-align=\"center\"><strong>12h30 \u00e0 13h30 <\/strong><mark style=\"background-color:rgba(0, 0, 0, 0)\" class=\"has-inline-color has-accent-2-color\"><strong>Hatha Yoga<\/strong> individuel <\/mark>Au Pavillon<\/td><td class=\"has-text-align-center\" data-align=\"center\"><\/td><\/tr><tr><td><\/td><td class=\"has-text-align-center\" data-align=\"center\"><\/td><td class=\"has-text-align-center\" data-align=\"center\"><\/td><td class=\"has-text-align-center\" data-align=\"center\"><\/td><td class=\"has-text-align-center\" data-align=\"center\"><\/td><td class=\"has-text-align-center\" data-align=\"center\"><\/td><td class=\"has-text-align-center\" data-align=\"center\"><\/td><\/tr><tr><td><\/td><td class=\"has-text-align-center\" data-align=\"center\"><\/td><td class=\"has-text-align-center\" data-align=\"center\"><\/td><td class=\"has-text-align-center\" data-align=\"center\"><\/td><td class=\"has-text-align-center\" data-align=\"center\"><\/td><td class=\"has-text-align-center\" data-align=\"center\"><\/td><td class=\"has-text-align-center\" data-align=\"center\"><\/td><\/tr><tr><td>15h<\/td><td class=\"has-text-align-center\" data-align=\"center\"><\/td><td class=\"has-text-align-center\" data-align=\"center\"><\/td><td class=\"has-text-align-center\" data-align=\"center\"><\/td><td class=\"has-text-align-center\" data-align=\"center\"><\/td><td class=\"has-text-align-center\" data-align=\"center\"><\/td><td class=\"has-text-align-center\" data-align=\"center\"><\/td><\/tr><tr><td>16h<\/td><td class=\"has-text-align-center\" data-align=\"center\"><strong>16h30 \u00e0 17h30<\/strong> <mark style=\"background-color:rgba(0, 0, 0, 0)\" class=\"has-inline-color has-accent-2-color\"><mark style=\"background-color:rgba(0, 0, 0, 0)\" class=\"has-inline-color has-accent-2-color\"><strong>Yoga Doux<\/strong><\/mark><\/mark> La grange aux d\u00eemes (Espace Vicquelin\/Abhyasa)<\/td><td class=\"has-text-align-center\" data-align=\"center\"><strong>16h \u00e0 17<\/strong>h <mark style=\"background-color:rgba(0, 0, 0, 0)\" class=\"has-inline-color has-accent-2-color\"><strong>MUNZ Floor\u00ae<\/strong><\/mark> La grange aux d\u00eemes<br><mark style=\"background-color:rgba(0, 0, 0, 0)\" class=\"has-inline-color has-accent-2-color\">(nouveau)<\/mark><\/td><td class=\"has-text-align-center\" data-align=\"center\"><\/td><td class=\"has-text-align-center\" data-align=\"center\"><\/td><td class=\"has-text-align-center\" data-align=\"center\"><\/td><td class=\"has-text-align-center\" data-align=\"center\"><\/td><\/tr><tr><td><\/td><td class=\"has-text-align-center\" data-align=\"center\"><\/td><td class=\"has-text-align-center\" data-align=\"center\"><strong>17h20 \u00e0 18h30 <\/strong><mark style=\"background-color:rgba(0, 0, 0, 0)\" class=\"has-inline-color has-accent-2-color\"><strong>Hatha Yoga <\/strong><\/mark><br>La grange aux d\u00eemes<\/td><td class=\"has-text-align-center\" data-align=\"center\"><strong>17h \u00e0 18h<\/strong> <strong><mark style=\"background-color:rgba(0, 0, 0, 0)\" class=\"has-inline-color has-accent-2-color\">MUNZ Floor<\/mark>\u00ae<\/strong> La grange aux d\u00eemes<br><mark style=\"background-color:rgba(0, 0, 0, 0)\" class=\"has-inline-color has-accent-2-color\">(nouveau)<\/mark><\/td><td class=\"has-text-align-center\" data-align=\"center\"><strong>18h15 \u00e0 19h45<\/strong> <br><mark style=\"background-color:rgba(0, 0, 0, 0)\" class=\"has-inline-color has-accent-2-color\"><strong>Hatha Yoga<\/strong><\/mark> La grange aux d\u00eemes (Yoga Club)<\/td><td class=\"has-text-align-center\" data-align=\"center\"><\/td><td class=\"has-text-align-center\" data-align=\"center\"><\/td><\/tr><tr><td>18h<\/td><td class=\"has-text-align-center\" data-align=\"center\"><strong>18h \u00e0 19h30<\/strong> <br><strong><mark style=\"background-color:rgba(0, 0, 0, 0)\" class=\"has-inline-color has-accent-2-color\">Hatha Yoga<\/mark> <\/strong>La grange aux d\u00eemes (Yoga Club)<\/td><td class=\"has-text-align-center\" data-align=\"center\"><\/td><td class=\"has-text-align-center\" data-align=\"center\"><\/td><td class=\"has-text-align-center\" data-align=\"center\"><\/td><td class=\"has-text-align-center\" data-align=\"center\"><\/td><td class=\"has-text-align-center\" data-align=\"center\"><\/td><\/tr><\/tbody><\/table><\/figure>\n\n\n\n<p><\/p>\n","protected":false},"excerpt":{"rendered":"<p>LUNDI MARDI MERCREDI JEUDI VENDREDI DIMANCHE 10h 10h \u00e0 11h Yoga sur Chaise (Espace Vicquelin) Au Pavillon 10h \u00e0 11h Yoga sur Chaise (Espace Vicquelin) Au Pavillon 10h30 \u00e0 11h30 Hatha Yoga DOJO Saint-Martin des &hellip;<\/p>\n","protected":false},"author":1,"featured_media":0,"parent":0,"menu_order":0,"comment_status":"closed","ping_status":"closed","template":"","meta":{"footnotes":""},"class_list":["post-728","page","type-page","status-publish","hentry"],"_links":{"self":[{"href":"https:\/\/www.abhyasa.fr\/index.php\/wp-json\/wp\/v2\/pages\/728","targetHints":{"allow":["GET"]}}],"collection":[{"href":"https:\/\/www.abhyasa.fr\/index.php\/wp-json\/wp\/v2\/pages"}],"about":[{"href":"https:\/\/www.abhyasa.fr\/index.php\/wp-json\/wp\/v2\/types\/page"}],"author":[{"embeddable":true,"href":"https:\/\/www.abhyasa.fr\/index.php\/wp-json\/wp\/v2\/users\/1"}],"replies":[{"embeddable":true,"href":"https:\/\/www.abhyasa.fr\/index.php\/wp-json\/wp\/v2\/comments?post=728"}],"version-history":[{"count":72,"href":"https:\/\/www.abhyasa.fr\/index.php\/wp-json\/wp\/v2\/pages\/728\/revisions"}],"predecessor-version":[{"id":1484,"href":"https:\/\/www.abhyasa.fr\/index.php\/wp-json\/wp\/v2\/pages\/728\/revisions\/1484"}],"wp:attachment":[{"href":"https:\/\/www.abhyasa.fr\/index.php\/wp-json\/wp\/v2\/media?parent=728"}],"curies":[{"name":"wp","href":"https:\/\/api.w.org\/{rel}","templated":true}]}}