{"id":523,"date":"2020-08-23T13:48:06","date_gmt":"2020-08-23T11:48:06","guid":{"rendered":"http:\/\/limbo127.ddns.info\/blog\/?page_id=523"},"modified":"2025-07-21T18:06:32","modified_gmt":"2025-07-21T16:06:32","slug":"yoga-sur-chaise","status":"publish","type":"page","link":"https:\/\/www.abhyasa.fr\/index.php\/coursdeyoga\/yoga-sur-chaise\/","title":{"rendered":"Yoga sur chaise"},"content":{"rendered":"<h3 style=\"text-align: center;\"><span style=\"color: #000000;\"><img loading=\"lazy\" decoding=\"async\" class=\"alignnone wp-image-332 alignleft\" src=\"http:\/\/limbo127.ddns.info\/blog\/wp-content\/uploads\/2020\/07\/IMG_4232-e1593961838263-300x300.jpg\" alt=\"IMG_4232\" width=\"278\" height=\"278\" srcset=\"https:\/\/www.abhyasa.fr\/wp-content\/uploads\/2020\/07\/IMG_4232-e1593961838263-300x300.jpg 300w, https:\/\/www.abhyasa.fr\/wp-content\/uploads\/2020\/07\/IMG_4232-e1593961838263-150x150.jpg 150w, https:\/\/www.abhyasa.fr\/wp-content\/uploads\/2020\/07\/IMG_4232-e1593961838263-768x768.jpg 768w, https:\/\/www.abhyasa.fr\/wp-content\/uploads\/2020\/07\/IMG_4232-e1593961838263-1024x1024.jpg 1024w\" sizes=\"auto, (max-width: 278px) 100vw, 278px\" \/><\/span><span style=\"color: #ff6600;\"><strong>Yoga sur Chaise<\/strong><\/span><\/h3>\n<p style=\"text-align: center;\"><span style=\"color: #000000;\">le<strong> Mardi <\/strong><\/span><span style=\"color: #000000;\"><strong>de 10h \u00e0 11h <\/strong>et de<strong> 11h15 \u00e0 12h15 <\/strong><\/span><\/p>\n<p style=\"text-align: center;\"><span style=\"color: #000000;\">(premi\u00e8re s\u00e9ance le mardi 9 septembre 2025)<\/span><\/p>\n<p style=\"text-align: center;\"><span style=\"color: #000000;\"><strong>et<\/strong><\/span><\/p>\n<p style=\"text-align: center;\"><span style=\"color: #000000;\">le<strong> Jeudi de 10h \u00e0 11h et de 11h15 \u00e0 12h15 <\/strong><\/span><\/p>\n<p style=\"text-align: center;\"><span style=\"color: #000000;\">(premi\u00e8re s\u00e9ance le jeudi 11 septembre 2025)<\/span><\/p>\n<p style=\"text-align: center;\">Informations et inscriptions :<\/p>\n<p style=\"text-align: center;\"><span style=\"color: #000000;\">Espace Seniors Jules Vicquelin <\/span><span style=\"color: #000000;\"><br \/>T\u00e9l. : 02 31 97 30 66 <br \/>espace-vicquelin@ville-ouistreham.fr<\/span><\/p>\n<p style=\"text-align: center;\"><span style=\"text-decoration: underline; color: #000000;\"><strong>\u00a0<\/strong><\/span><\/p>\n\n\n<p><\/p>\n","protected":false},"excerpt":{"rendered":"<p>Yoga sur Chaise le Mardi de 10h \u00e0 11h et de 11h15 \u00e0 12h15 (premi\u00e8re s\u00e9ance le mardi 9 septembre 2025) et le Jeudi de 10h \u00e0 11h et de 11h15 \u00e0 12h15 (premi\u00e8re s\u00e9ance &hellip;<\/p>\n","protected":false},"author":1,"featured_media":0,"parent":32,"menu_order":5,"comment_status":"closed","ping_status":"closed","template":"","meta":{"footnotes":""},"class_list":["post-523","page","type-page","status-publish","hentry"],"_links":{"self":[{"href":"https:\/\/www.abhyasa.fr\/index.php\/wp-json\/wp\/v2\/pages\/523","targetHints":{"allow":["GET"]}}],"collection":[{"href":"https:\/\/www.abhyasa.fr\/index.php\/wp-json\/wp\/v2\/pages"}],"about":[{"href":"https:\/\/www.abhyasa.fr\/index.php\/wp-json\/wp\/v2\/types\/page"}],"author":[{"embeddable":true,"href":"https:\/\/www.abhyasa.fr\/index.php\/wp-json\/wp\/v2\/users\/1"}],"replies":[{"embeddable":true,"href":"https:\/\/www.abhyasa.fr\/index.php\/wp-json\/wp\/v2\/comments?post=523"}],"version-history":[{"count":28,"href":"https:\/\/www.abhyasa.fr\/index.php\/wp-json\/wp\/v2\/pages\/523\/revisions"}],"predecessor-version":[{"id":1343,"href":"https:\/\/www.abhyasa.fr\/index.php\/wp-json\/wp\/v2\/pages\/523\/revisions\/1343"}],"up":[{"embeddable":true,"href":"https:\/\/www.abhyasa.fr\/index.php\/wp-json\/wp\/v2\/pages\/32"}],"wp:attachment":[{"href":"https:\/\/www.abhyasa.fr\/index.php\/wp-json\/wp\/v2\/media?parent=523"}],"curies":[{"name":"wp","href":"https:\/\/api.w.org\/{rel}","templated":true}]}}