{"id":512,"date":"2020-08-23T13:25:17","date_gmt":"2020-08-23T11:25:17","guid":{"rendered":"http:\/\/limbo127.ddns.info\/blog\/?page_id=512"},"modified":"2025-07-21T18:11:51","modified_gmt":"2025-07-21T16:11:51","slug":"hatha-yoga","status":"publish","type":"page","link":"https:\/\/www.abhyasa.fr\/index.php\/coursdeyoga\/hatha-yoga\/","title":{"rendered":"Yoga Adulte"},"content":{"rendered":"<h4 style=\"text-align: center;\" align=\"left\"><span style=\"color: #000000;\"><strong><span style=\"font-family: Arial, sans-serif;\"><span style=\"font-size: large;\"><u>S\u00e9ances de YOGA Adulte<\/u><\/span><\/span><\/strong><\/span><u> <\/u><\/h4>\n<p style=\"text-align: center;\"><span style=\"color: #000000;\">avec<strong> l&rsquo;association Yoga Club de Ouistreham<\/strong><\/span><\/p>\n<p style=\"text-align: center;\"><strong><span style=\"color: #000000;\">Le Lundi<\/span><br \/>\n<\/strong><\/p>\n<p style=\"text-align: center;\"><span style=\"color: #000000;\"><strong>de 10h45 \u00e0 12h15<\/strong><\/span><\/p>\n<p style=\"text-align: center;\">et<\/p>\n<p style=\"text-align: center;\"><strong>de 18h \u00e0 19h30<\/strong><\/p>\n<p style=\"text-align: center;\">(<em>hors vacances scolaires<\/em>)<\/p>\n<p style=\"text-align: center;\"><strong><span style=\"color: #ff6600;\">Reprise des s\u00e9ances \u00e0 partir du lundi 08 septembre 2025<\/span><\/strong><\/p>\n<p style=\"text-align: center;\">\u00e0 la Grande aux D\u00eemes<\/p>\n<p style=\"text-align: center;\">Ouistreham<\/p>\n<p style=\"text-align: center;\"><strong>&#8230;.<\/strong><\/p>\n<p style=\"text-align: center;\"><span style=\"color: #000000;\">avec<strong> l&rsquo;association Abhyasa<\/strong><\/span><\/p>\n<p style=\"text-align: center;\"><span style=\"color: #000000;\"><strong>Le mardi<\/strong><\/span><\/p>\n<p style=\"text-align: center;\"><span style=\"color: #000000;\"><strong>de 17h20 \u00e0 18h30<\/strong><\/span><\/p>\n<p style=\"text-align: center;\"><span style=\"color: #000000;\">(<em>hors vacances scolaires<\/em>)<\/span><\/p>\n<p style=\"text-align: center;\"><strong><span style=\"color: #ff6600;\">Reprise des s\u00e9ances \u00e0 partir du mardi 09 septembre 2025<\/span><\/strong><\/p>\n<p style=\"text-align: center;\">\u00e0 la Grande aux D\u00eemes<\/p>\n<p style=\"text-align: center;\">Ouistreham<\/p>\n<p style=\"text-align: center;\"><strong>&#8230;.<\/strong><\/p>\n<p style=\"text-align: center;\">avec<strong> l&rsquo;association Yoga Club de Ouistreham<\/strong><\/p>\n<p style=\"text-align: center;\"><strong>Le jeudi<\/strong><\/p>\n<p style=\"text-align: center;\"><strong>de 18h15 \u00e0 19h45<\/strong><\/p>\n<p style=\"text-align: center;\">(<em>hors vacances scolaires<\/em>)<\/p>\n<p style=\"text-align: center;\"><span style=\"color: #ff6600;\"><strong>Reprise des s\u00e9ances \u00e0 partir du jeudi 11 septembre 2025<\/strong><\/span><\/p>\n<p style=\"text-align: center;\">\u00e0 la Grande aux D\u00eemes<\/p>\n<p style=\"text-align: center;\">Ouistreham<\/p>\n<p style=\"text-align: center;\"><strong>&#8230;.<\/strong><\/p>\n<p style=\"text-align: center;\"><span style=\"color: #000000;\"><strong>avec l&rsquo;association Abhyasa<\/strong><\/span><\/p>\n<p style=\"text-align: center;\"><span style=\"color: #000000;\"><strong>Le Vendredi<br \/>\n<\/strong><\/span><\/p>\n<p style=\"text-align: center;\"><span style=\"color: #000000;\"><strong>de 11h \u00e0 12h15<\/strong><\/span><\/p>\n<p style=\"text-align: center;\">(<em>hors vacances scolaires<\/em>)<\/p>\n<p style=\"text-align: center;\"><strong><span style=\"color: #ff6600;\">Reprise des s\u00e9ances \u00e0 partir du vendredi 12 septembre 2025<\/span><\/strong><\/p>\n<p style=\"text-align: center;\"><span style=\"color: #000000;\">Au Pavillon (Centre Socioculturel)<\/span><\/p>\n<p style=\"text-align: center;\">Ouistreham<\/p>\n<p style=\"text-align: center;\"><strong>&#8230;.<\/strong><\/p>\n<p style=\"text-align: center;\"><span style=\"color: #000000;\"><strong>avec l&rsquo;association ABC Souleuvre<br \/>\n<\/strong><\/span><\/p>\n<p style=\"text-align: center;\"><span style=\"color: #000000;\"><strong>Le Dimanche<br \/>\n<\/strong><\/span><\/p>\n<p style=\"text-align: center;\"><span style=\"color: #000000;\"><strong>de 10h30 \u00e0 11h30<\/strong><\/span><\/p>\n<p style=\"text-align: center;\">(<em>hors vacances scolaires<\/em>)<\/p>\n<p style=\"text-align: center;\"><strong><span style=\"color: #ff6600;\">Reprise des s\u00e9ances \u00e0 partir du dimanche 14 septembre 2025<\/span><\/strong><\/p>\n<p style=\"text-align: center;\"><span style=\"color: #000000;\">Au Dojo<\/span><\/p>\n<p style=\"text-align: center;\">Saint Martin des Besaces<\/p>\n<p style=\"text-align: center;\"><span style=\"color: #ff0000;\">\u00a0<\/span><\/p>\n","protected":false},"excerpt":{"rendered":"<p>S\u00e9ances de YOGA Adulte avec l&rsquo;association Yoga Club de Ouistreham Le Lundi de 10h45 \u00e0 12h15 et de 18h \u00e0 19h30 (hors vacances scolaires) Reprise des s\u00e9ances \u00e0 partir du lundi 08 septembre 2025 \u00e0 &hellip;<\/p>\n","protected":false},"author":1,"featured_media":0,"parent":32,"menu_order":2,"comment_status":"closed","ping_status":"closed","template":"","meta":{"footnotes":""},"class_list":["post-512","page","type-page","status-publish","hentry"],"_links":{"self":[{"href":"https:\/\/www.abhyasa.fr\/index.php\/wp-json\/wp\/v2\/pages\/512","targetHints":{"allow":["GET"]}}],"collection":[{"href":"https:\/\/www.abhyasa.fr\/index.php\/wp-json\/wp\/v2\/pages"}],"about":[{"href":"https:\/\/www.abhyasa.fr\/index.php\/wp-json\/wp\/v2\/types\/page"}],"author":[{"embeddable":true,"href":"https:\/\/www.abhyasa.fr\/index.php\/wp-json\/wp\/v2\/users\/1"}],"replies":[{"embeddable":true,"href":"https:\/\/www.abhyasa.fr\/index.php\/wp-json\/wp\/v2\/comments?post=512"}],"version-history":[{"count":65,"href":"https:\/\/www.abhyasa.fr\/index.php\/wp-json\/wp\/v2\/pages\/512\/revisions"}],"predecessor-version":[{"id":1344,"href":"https:\/\/www.abhyasa.fr\/index.php\/wp-json\/wp\/v2\/pages\/512\/revisions\/1344"}],"up":[{"embeddable":true,"href":"https:\/\/www.abhyasa.fr\/index.php\/wp-json\/wp\/v2\/pages\/32"}],"wp:attachment":[{"href":"https:\/\/www.abhyasa.fr\/index.php\/wp-json\/wp\/v2\/media?parent=512"}],"curies":[{"name":"wp","href":"https:\/\/api.w.org\/{rel}","templated":true}]}}