{"id":275,"date":"2020-07-04T14:47:07","date_gmt":"2020-07-04T12:47:07","guid":{"rendered":"http:\/\/limbo127.ddns.info\/blog\/?page_id=275"},"modified":"2020-07-24T22:20:51","modified_gmt":"2020-07-24T20:20:51","slug":"abhyasa","status":"publish","type":"page","link":"https:\/\/www.abhyasa.fr\/index.php\/accueil\/abhyasa\/","title":{"rendered":"Abhy\u00e2sa"},"content":{"rendered":"<p><span style=\"color: #000000;\"><em>(D\u00e9finition)<\/em><\/span><\/p>\n<p><span style=\"color: #000000;\"><strong><span style=\"font-family: Arial, sans-serif;\">\u00ab Pratique constante et r\u00e9solue \u00bb<\/span><\/strong><\/span><\/p>\n<p><span style=\"color: #000000;\"><em><span style=\"font-family: Arial, sans-serif;\"><span style=\"font-size: small;\">Bible du Yoga, B.K.S Iyengar, ed. J&rsquo;ai lu, coll. aventure secr\u00e8te,\u00a0 p32.<\/span><\/span><\/em><\/span><\/p>\n<p><span style=\"color: #000000;\"><strong><span style=\"font-family: Arial, sans-serif;\">\u00ab \u00c9tude, qu\u00eate constante et d\u00e9termin\u00e9e. \u00bb<\/span><\/strong><\/span><\/p>\n<p><span style=\"color: #000000;\"><em><span style=\"font-family: Arial, sans-serif;\"><span style=\"font-size: small;\">Glossaire, Bible du Yoga, B.K.S Iyengar, ed. J&rsquo;ai lu, coll. aventure secr\u00e8te,\u00a0 p558.<\/span><\/span><\/em><\/span><\/p>\n","protected":false},"excerpt":{"rendered":"<p>(D\u00e9finition) \u00ab Pratique constante et r\u00e9solue \u00bb Bible du Yoga, B.K.S Iyengar, ed. J&rsquo;ai lu, coll. aventure secr\u00e8te,\u00a0 p32. \u00ab \u00c9tude, qu\u00eate constante et d\u00e9termin\u00e9e. \u00bb Glossaire, Bible du Yoga, B.K.S Iyengar, ed. J&rsquo;ai lu, &hellip;<\/p>\n","protected":false},"author":1,"featured_media":0,"parent":24,"menu_order":1,"comment_status":"closed","ping_status":"closed","template":"","meta":{"footnotes":""},"class_list":["post-275","page","type-page","status-publish","hentry"],"_links":{"self":[{"href":"https:\/\/www.abhyasa.fr\/index.php\/wp-json\/wp\/v2\/pages\/275","targetHints":{"allow":["GET"]}}],"collection":[{"href":"https:\/\/www.abhyasa.fr\/index.php\/wp-json\/wp\/v2\/pages"}],"about":[{"href":"https:\/\/www.abhyasa.fr\/index.php\/wp-json\/wp\/v2\/types\/page"}],"author":[{"embeddable":true,"href":"https:\/\/www.abhyasa.fr\/index.php\/wp-json\/wp\/v2\/users\/1"}],"replies":[{"embeddable":true,"href":"https:\/\/www.abhyasa.fr\/index.php\/wp-json\/wp\/v2\/comments?post=275"}],"version-history":[{"count":8,"href":"https:\/\/www.abhyasa.fr\/index.php\/wp-json\/wp\/v2\/pages\/275\/revisions"}],"predecessor-version":[{"id":378,"href":"https:\/\/www.abhyasa.fr\/index.php\/wp-json\/wp\/v2\/pages\/275\/revisions\/378"}],"up":[{"embeddable":true,"href":"https:\/\/www.abhyasa.fr\/index.php\/wp-json\/wp\/v2\/pages\/24"}],"wp:attachment":[{"href":"https:\/\/www.abhyasa.fr\/index.php\/wp-json\/wp\/v2\/media?parent=275"}],"curies":[{"name":"wp","href":"https:\/\/api.w.org\/{rel}","templated":true}]}}