{"id":174,"date":"2020-07-02T15:57:17","date_gmt":"2020-07-02T13:57:17","guid":{"rendered":"http:\/\/limbo127.ddns.info\/blog\/?page_id=174"},"modified":"2025-07-28T09:13:52","modified_gmt":"2025-07-28T07:13:52","slug":"reglement-interieur","status":"publish","type":"page","link":"https:\/\/www.abhyasa.fr\/index.php\/inscriptions\/reglement-interieur\/","title":{"rendered":"R\u00e8glement Int\u00e9rieur"},"content":{"rendered":"<p align=\"justify\"><strong><span style=\"color: #000000;\"><span style=\"font-family: Carlito, sans-serif;\"><span style=\"font-size: large;\">Article 1\u00a0 <\/span><\/span><\/span><\/strong><span style=\"color: #000000;\"><span style=\"font-family: Carlito, sans-serif;\"><span style=\"font-size: large;\">La participation aux cours n&rsquo;est autoris\u00e9e qu&rsquo;aux personnes en r\u00e8gle administrativement et \u00e0 jour de leurs paiements aux cours de yoga.<\/span><\/span><\/span><\/p>\n<p align=\"justify\"><strong><span style=\"color: #000000;\"><span style=\"font-family: Carlito, sans-serif;\"><span style=\"font-size: large;\">Article 2\u00a0 <\/span><\/span><\/span><\/strong><span style=\"color: #000000;\"><span style=\"font-family: Carlito, sans-serif;\"><span style=\"font-size: large;\">Toute personne peut participer \u00e0 un cours de Hatha-yoga et \u00e0 tout \u00e2ge.<\/span><\/span><\/span><\/p>\n<p align=\"justify\"><strong><span style=\"color: #000000;\"><span style=\"font-family: Carlito, sans-serif;\"><span style=\"font-size: large;\">Article 3\u00a0 <\/span><\/span><\/span><\/strong><span style=\"color: #000000;\"><span style=\"font-family: Carlito, sans-serif;\"><span style=\"font-size: large;\">Lors de l\u2019entretien pr\u00e9alable, il sera demand\u00e9 de remplir une fiche de renseignement relative \u00e0 l\u2019\u00e9l\u00e8ve, aux ant\u00e9c\u00e9dents m\u00e9dicaux, ainsi qu\u2019une d\u00e9claration sur l\u2019honneur d\u2019aptitude m\u00e9dicale. Un certificat m\u00e9dical de \u00ab\u00a0non contre-indication \u00e0 la pratique du yoga pourra \u00eatre exig\u00e9 dans certains cas. Abhy\u00e2sa -cours de yoga- se d\u00e9gage de toute responsabilit\u00e9 en cas de fausse d\u00e9claration. <\/span><\/span><\/span><\/p>\n<p align=\"justify\"><strong><span style=\"color: #000000;\"><span style=\"font-family: Carlito, sans-serif;\"><span style=\"font-size: large;\">Article 4\u00a0 <\/span><\/span><\/span><\/strong><span style=\"color: #000000;\"><span style=\"font-family: Carlito, sans-serif;\"><span style=\"font-size: large;\">Il est conseill\u00e9 de donner ces renseignements afin que le professeur puisse avoir des \u00e9l\u00e9ments concrets pour orienter et monter sa s\u00e9ance en fonction de l\u2019\u00e9l\u00e8ve pour un cours individuel et adapter sa s\u00e9ance pour un cours collectif.<\/span><\/span><\/span><\/p>\n<p align=\"justify\"><strong><span style=\"color: #000000;\"><span style=\"font-family: Carlito, sans-serif;\"><span style=\"font-size: large;\">Article 5<\/span><\/span><\/span><\/strong><span style=\"color: #000000;\"><span style=\"font-family: Carlito, sans-serif;\"><span style=\"font-size: large;\">\u00a0 Pour les mineurs, la remise de cette fiche d&rsquo;adh\u00e9sion devra \u00eatre d\u00fbment compl\u00e9t\u00e9e et sign\u00e9e par les parents et accompagn\u00e9e d&rsquo;un certificat m\u00e9dical de non contre-indication \u00e0 la pratique du yoga, except\u00e9 dans le cadre d\u2019un atelier temporaire. <\/span><\/span><\/span><\/p>\n<p align=\"justify\"><strong><span style=\"color: #000000;\"><span style=\"font-family: Carlito, sans-serif;\"><span style=\"font-size: large;\">Article 6\u00a0 <\/span><\/span><\/span><\/strong><span style=\"color: #000000;\"><span style=\"font-family: Carlito, sans-serif;\"><span style=\"font-size: large;\">Il sera demand\u00e9 pour les mineurs la pr\u00e9sence d\u2019un parent sur le lieu de la pratique s\u2019il s\u2019agit d\u2019un cours individuel.<\/span><\/span><\/span><\/p>\n<p align=\"justify\"><strong><span style=\"color: #000000;\"><span style=\"font-family: Carlito, sans-serif;\"><span style=\"font-size: large;\">Article 7\u00a0 <\/span><\/span><\/span><\/strong><span style=\"color: #000000;\"><span style=\"font-family: Carlito, sans-serif;\"><span style=\"font-size: large;\">Les cours sont adapt\u00e9s en fonction des \u00e9l\u00e8ves et des groupes.<\/span><\/span><\/span><\/p>\n<p align=\"justify\"><strong><span style=\"color: #000000;\"><span style=\"font-family: Carlito, sans-serif;\"><span style=\"font-size: large;\">Article 8\u00a0 <\/span><\/span><\/span><\/strong><span style=\"color: #000000;\"><span style=\"font-family: Carlito, sans-serif;\"><span style=\"font-size: large;\">Les cours ont une dur\u00e9e comprise entre quarante cinq minutes et une heure quinze sans compter la mise en place. Les cours commenceront \u00e0 l\u2019heure. Il est dans l&rsquo;int\u00e9r\u00eat de tous de respecter les horaires et d\u2019\u00eatre pr\u00e9sents 5 minutes avant le d\u00e9but de chaque cours. Les adh\u00e9rents se doivent d\u2019\u00eatre ponctuels. L\u2019arriv\u00e9e dans les locaux est possible au maximum 10 minutes avant le cours et 5 minutes apr\u00e8s le d\u00e9but du cours. <\/span><\/span><\/span><\/p>\n<p align=\"justify\"><strong><span style=\"color: #000000;\"><span style=\"font-family: Carlito, sans-serif;\"><span style=\"font-size: large;\">Article 9\u00a0 <\/span><\/span><\/span><\/strong><span style=\"color: #000000;\"><span style=\"font-family: Carlito, sans-serif;\"><span style=\"font-size: large;\">L\u2019\u00e9l\u00e8ve choisira une tenue dans laquelle il sera \u00e0 l\u2019aise et libre de ses mouvements, celle-ci devra \u00eatre port\u00e9e avant le d\u00e9marrage de la s\u00e9ance.<\/span><\/span><\/span><\/p>\n<p align=\"justify\"><strong><span style=\"color: #000000;\"><span style=\"font-family: Carlito, sans-serif;\"><span style=\"font-size: large;\">Article 10\u00a0 <\/span><\/span><\/span><\/strong><span style=\"color: #000000;\"><span style=\"font-family: Carlito, sans-serif;\"><span style=\"font-size: large;\">\u00c9teindre son t\u00e9l\u00e9phone portable avant chaque nouvelle s\u00e9ance.<\/span><\/span><\/span><\/p>\n<p align=\"justify\"><strong><span style=\"color: #000000;\"><span style=\"font-family: Carlito, sans-serif;\"><span style=\"font-size: large;\">Article 11\u00a0 <\/span><\/span><\/span><\/strong><span style=\"color: #000000;\"><span style=\"font-family: Carlito, sans-serif;\"><span style=\"font-size: large;\">Il est recommand\u00e9 d\u2019avoir un tapis et \u00e9ventuellement un coussin et une couverture pour la r\u00e9alisation des postures et de la relaxation.<\/span><\/span><\/span><\/p>\n<p align=\"justify\"><strong><span style=\"color: #000000;\"><span style=\"font-family: Carlito, sans-serif;\"><span style=\"font-size: large;\">Article 12\u00a0 <\/span><\/span><\/span><\/strong><span style=\"color: #000000;\"><span style=\"font-family: Carlito, sans-serif;\"><span style=\"font-size: large;\">Le mat\u00e9riel peut \u00eatre fourni par le propri\u00e9taire de la salle ou par les participants.<\/span><\/span><\/span><\/p>\n<p align=\"justify\"><strong><span style=\"color: #000000;\"><span style=\"font-family: Carlito, sans-serif;\"><span style=\"font-size: large;\">Article 13\u00a0 <\/span><\/span><\/span><\/strong><span style=\"color: #000000;\"><span style=\"font-family: Carlito, sans-serif;\"><span style=\"font-size: large;\">Il sera demander de s\u2019inscrire \u00e0 l\u2019avance selon les modalit\u00e9s propos\u00e9es par le professeur de yoga. Les rendez vous devront \u00eatre annul\u00e9s 24 heures \u00e0 l\u2019avance. <\/span><\/span><\/span><\/p>\n<p align=\"center\"><span style=\"color: #000000;\"><span style=\"font-family: Carlito, sans-serif;\"><span style=\"font-size: large;\"><i>Merci \u00e0 tous pour l\u2019observation du r\u00e8glement int\u00e9rieur<\/i><\/span><\/span><\/span><\/p>\n","protected":false},"excerpt":{"rendered":"<p>Article 1\u00a0 La participation aux cours n&rsquo;est autoris\u00e9e qu&rsquo;aux personnes en r\u00e8gle administrativement et \u00e0 jour de leurs paiements aux cours de yoga. Article 2\u00a0 Toute personne peut participer \u00e0 un cours de Hatha-yoga et &hellip;<\/p>\n","protected":false},"author":1,"featured_media":0,"parent":170,"menu_order":3,"comment_status":"closed","ping_status":"closed","template":"","meta":{"footnotes":""},"class_list":["post-174","page","type-page","status-publish","hentry"],"_links":{"self":[{"href":"https:\/\/www.abhyasa.fr\/index.php\/wp-json\/wp\/v2\/pages\/174","targetHints":{"allow":["GET"]}}],"collection":[{"href":"https:\/\/www.abhyasa.fr\/index.php\/wp-json\/wp\/v2\/pages"}],"about":[{"href":"https:\/\/www.abhyasa.fr\/index.php\/wp-json\/wp\/v2\/types\/page"}],"author":[{"embeddable":true,"href":"https:\/\/www.abhyasa.fr\/index.php\/wp-json\/wp\/v2\/users\/1"}],"replies":[{"embeddable":true,"href":"https:\/\/www.abhyasa.fr\/index.php\/wp-json\/wp\/v2\/comments?post=174"}],"version-history":[{"count":8,"href":"https:\/\/www.abhyasa.fr\/index.php\/wp-json\/wp\/v2\/pages\/174\/revisions"}],"predecessor-version":[{"id":1389,"href":"https:\/\/www.abhyasa.fr\/index.php\/wp-json\/wp\/v2\/pages\/174\/revisions\/1389"}],"up":[{"embeddable":true,"href":"https:\/\/www.abhyasa.fr\/index.php\/wp-json\/wp\/v2\/pages\/170"}],"wp:attachment":[{"href":"https:\/\/www.abhyasa.fr\/index.php\/wp-json\/wp\/v2\/media?parent=174"}],"curies":[{"name":"wp","href":"https:\/\/api.w.org\/{rel}","templated":true}]}}