{"id":172,"date":"2020-07-02T15:55:54","date_gmt":"2020-07-02T13:55:54","guid":{"rendered":"http:\/\/limbo127.ddns.info\/blog\/?page_id=172"},"modified":"2025-07-28T09:05:03","modified_gmt":"2025-07-28T07:05:03","slug":"demande-dinformation","status":"publish","type":"page","link":"https:\/\/www.abhyasa.fr\/index.php\/inscriptions\/demande-dinformation\/","title":{"rendered":"Demande d&rsquo;informations"},"content":{"rendered":"<p style=\"text-align: center;\"><span style=\"color: #000000;\"><img loading=\"lazy\" decoding=\"async\" class=\"size-medium wp-image-331 alignleft\" src=\"http:\/\/limbo127.ddns.info\/blog\/wp-content\/uploads\/2020\/07\/IMG_4227-e1593961762714-300x300.jpg\" alt=\"IMG_4227\" width=\"300\" height=\"300\" srcset=\"https:\/\/www.abhyasa.fr\/wp-content\/uploads\/2020\/07\/IMG_4227-e1593961762714-300x300.jpg 300w, https:\/\/www.abhyasa.fr\/wp-content\/uploads\/2020\/07\/IMG_4227-e1593961762714-150x150.jpg 150w, https:\/\/www.abhyasa.fr\/wp-content\/uploads\/2020\/07\/IMG_4227-e1593961762714-768x768.jpg 768w, https:\/\/www.abhyasa.fr\/wp-content\/uploads\/2020\/07\/IMG_4227-e1593961762714-1024x1024.jpg 1024w\" sizes=\"auto, (max-width: 300px) 100vw, 300px\" \/>Pour toutes demandes d&rsquo;informations compl\u00e9mentaires ou de questions \u00e0 poser, \u00e9crire \u00e0 :<\/span><\/p>\n<p style=\"text-align: center;\"><strong><span style=\"color: #000000;\"><a style=\"color: #000000;\" href=\"http:\/\/abhyasa.coursdeyoga@gmail.com\" target=\"_blank\" rel=\"noopener\">abhyasa.coursdeyoga@gmail.com<\/a><\/span><\/strong><\/p>\n<p style=\"text-align: center;\">ou Par t\u00e9l\u00e9phone<\/p>\n<p style=\"text-align: center;\"><strong>06 73 59 92 38<\/strong><\/p>\n","protected":false},"excerpt":{"rendered":"<p>Pour toutes demandes d&rsquo;informations compl\u00e9mentaires ou de questions \u00e0 poser, \u00e9crire \u00e0 : abhyasa.coursdeyoga@gmail.com ou Par t\u00e9l\u00e9phone 06 73 59 92 38<\/p>\n","protected":false},"author":1,"featured_media":0,"parent":170,"menu_order":1,"comment_status":"closed","ping_status":"closed","template":"","meta":{"footnotes":""},"class_list":["post-172","page","type-page","status-publish","hentry"],"_links":{"self":[{"href":"https:\/\/www.abhyasa.fr\/index.php\/wp-json\/wp\/v2\/pages\/172","targetHints":{"allow":["GET"]}}],"collection":[{"href":"https:\/\/www.abhyasa.fr\/index.php\/wp-json\/wp\/v2\/pages"}],"about":[{"href":"https:\/\/www.abhyasa.fr\/index.php\/wp-json\/wp\/v2\/types\/page"}],"author":[{"embeddable":true,"href":"https:\/\/www.abhyasa.fr\/index.php\/wp-json\/wp\/v2\/users\/1"}],"replies":[{"embeddable":true,"href":"https:\/\/www.abhyasa.fr\/index.php\/wp-json\/wp\/v2\/comments?post=172"}],"version-history":[{"count":11,"href":"https:\/\/www.abhyasa.fr\/index.php\/wp-json\/wp\/v2\/pages\/172\/revisions"}],"predecessor-version":[{"id":1383,"href":"https:\/\/www.abhyasa.fr\/index.php\/wp-json\/wp\/v2\/pages\/172\/revisions\/1383"}],"up":[{"embeddable":true,"href":"https:\/\/www.abhyasa.fr\/index.php\/wp-json\/wp\/v2\/pages\/170"}],"wp:attachment":[{"href":"https:\/\/www.abhyasa.fr\/index.php\/wp-json\/wp\/v2\/media?parent=172"}],"curies":[{"name":"wp","href":"https:\/\/api.w.org\/{rel}","templated":true}]}}