{"id":1522,"date":"2026-03-30T15:48:51","date_gmt":"2026-03-30T13:48:51","guid":{"rendered":"https:\/\/www.abhyasa.fr\/?page_id=1522"},"modified":"2026-04-29T10:53:43","modified_gmt":"2026-04-29T08:53:43","slug":"cours-munz-floor-en-ligne","status":"publish","type":"page","link":"https:\/\/www.abhyasa.fr\/index.php\/cours-munz-floor-en-ligne\/","title":{"rendered":"Cours MUNZ Floor\u00ae en Ligne"},"content":{"rendered":"\n<p><strong>S\u00e9ances MUNZ Floor\u00ae <mark style=\"background-color:rgba(0, 0, 0, 0)\" class=\"has-inline-color has-accent-2-color\">(on line\/en visio)<\/mark><\/strong> toute l\u2019ann\u00e9e ! Retrouvez toutes les dates sur l&rsquo;espace de r\u00e9servation <\/p>\n\n\n\n<p>&#8212;&#8212;&#8212;&#8212;&#8212;&#8212;&#8212;&#8212;&#8212;&#8212;&#8212;&#8212;&#8212;&#8212;-<\/p>\n\n\n\n<p><strong>Premi\u00e8re s\u00e9ance gratuite<\/strong> : retrouvez votre <strong>carte d\u00e9couverte gratuite<\/strong> dans l&rsquo;onglet \u00ab\u00a0paiement\u00a0\u00bb de votre espace de r\u00e9servation.  <\/p>\n\n\n\n<p>Retrouvez toutes les dates disponibles sur l&rsquo;espace de r\u00e9servation : <\/p>\n\n\n\n<div class=\"wp-block-buttons is-layout-flex wp-block-buttons-is-layout-flex\">\n<div class=\"wp-block-button\"><a class=\"wp-block-button__link wp-element-button\" href=\"https:\/\/booking.abhyasa.fr\/user.html\" target=\"_blank\" rel=\"noopener\">R\u00e9servez votre s\u00e9ance<\/a><\/div>\n<\/div>\n\n\n\n<p>&#8212;&#8212;&#8212;&#8212;&#8212;&#8212;&#8212;&#8212;&#8212;&#8212;&#8212;&#8212;&#8212;&#8212;-<\/p>\n\n\n\n<p>Pour en savoir plus sur <strong>Alexandre MUNZ <\/strong>et<strong> le Munz Floor\u00ae<\/strong> cliquez <strong><mark><a href=\"https:\/\/maisonmunz.com\/\" target=\"_blank\" rel=\"noreferrer noopener\">ICI<\/a><\/mark><\/strong><\/p>\n\n\n\n<p><strong>Sophie AUMONT<\/strong> certifi\u00e9e coach MUNZ Floor\u00ae, affili\u00e9e \u00e0 la maison MUNZ.<\/p>\n\n\n\n<figure class=\"wp-block-image size-large is-resized\"><img loading=\"lazy\" decoding=\"async\" width=\"768\" height=\"1024\" src=\"http:\/\/www.abhyasa.fr\/wp-content\/uploads\/2026\/04\/IMG_20260327_090511-768x1024.jpg\" alt=\"\" class=\"wp-image-1533\" style=\"width:323px;height:auto\" srcset=\"https:\/\/www.abhyasa.fr\/wp-content\/uploads\/2026\/04\/IMG_20260327_090511-768x1024.jpg 768w, https:\/\/www.abhyasa.fr\/wp-content\/uploads\/2026\/04\/IMG_20260327_090511-225x300.jpg 225w, https:\/\/www.abhyasa.fr\/wp-content\/uploads\/2026\/04\/IMG_20260327_090511.jpg 800w\" sizes=\"auto, (max-width: 768px) 100vw, 768px\" \/><\/figure>\n","protected":false},"excerpt":{"rendered":"<p>S\u00e9ances MUNZ Floor\u00ae (on line\/en visio) toute l\u2019ann\u00e9e ! Retrouvez toutes les dates sur l&rsquo;espace de r\u00e9servation &#8212;&#8212;&#8212;&#8212;&#8212;&#8212;&#8212;&#8212;&#8212;&#8212;&#8212;&#8212;&#8212;&#8212;- Premi\u00e8re s\u00e9ance gratuite : retrouvez votre carte d\u00e9couverte gratuite dans l&rsquo;onglet \u00ab\u00a0paiement\u00a0\u00bb de votre espace de r\u00e9servation. &hellip;<\/p>\n","protected":false},"author":1,"featured_media":0,"parent":0,"menu_order":0,"comment_status":"closed","ping_status":"closed","template":"","meta":{"footnotes":""},"class_list":["post-1522","page","type-page","status-publish","hentry"],"_links":{"self":[{"href":"https:\/\/www.abhyasa.fr\/index.php\/wp-json\/wp\/v2\/pages\/1522","targetHints":{"allow":["GET"]}}],"collection":[{"href":"https:\/\/www.abhyasa.fr\/index.php\/wp-json\/wp\/v2\/pages"}],"about":[{"href":"https:\/\/www.abhyasa.fr\/index.php\/wp-json\/wp\/v2\/types\/page"}],"author":[{"embeddable":true,"href":"https:\/\/www.abhyasa.fr\/index.php\/wp-json\/wp\/v2\/users\/1"}],"replies":[{"embeddable":true,"href":"https:\/\/www.abhyasa.fr\/index.php\/wp-json\/wp\/v2\/comments?post=1522"}],"version-history":[{"count":7,"href":"https:\/\/www.abhyasa.fr\/index.php\/wp-json\/wp\/v2\/pages\/1522\/revisions"}],"predecessor-version":[{"id":1548,"href":"https:\/\/www.abhyasa.fr\/index.php\/wp-json\/wp\/v2\/pages\/1522\/revisions\/1548"}],"wp:attachment":[{"href":"https:\/\/www.abhyasa.fr\/index.php\/wp-json\/wp\/v2\/media?parent=1522"}],"curies":[{"name":"wp","href":"https:\/\/api.w.org\/{rel}","templated":true}]}}