{"id":1324,"date":"2025-07-21T16:52:09","date_gmt":"2025-07-21T14:52:09","guid":{"rendered":"https:\/\/www.abhyasa.fr\/?page_id=1324"},"modified":"2025-07-28T13:25:55","modified_gmt":"2025-07-28T11:25:55","slug":"association-abhyasa","status":"publish","type":"page","link":"https:\/\/www.abhyasa.fr\/index.php\/association-abhyasa\/","title":{"rendered":"Association Abhyasa"},"content":{"rendered":"\n<p>Constitution du bureau de l&rsquo;association : <\/p>\n\n\n\n<p><strong><mark style=\"background-color:rgba(0, 0, 0, 0)\" class=\"has-inline-color has-accent-2-color\">Am\u00e9lie Piottin<\/mark><\/strong> \/ Nouvelle <strong>Pr\u00e9sidente<\/strong> depuis le 01 avril 2025<\/p>\n\n\n\n<p><strong><mark style=\"background-color:rgba(0, 0, 0, 0)\" class=\"has-inline-color has-accent-2-color\">Delphine Dufour<\/mark><\/strong> \/ Nouvelle <strong>Secr\u00e9taire<\/strong> depuis le 01 avril 2025<\/p>\n\n\n\n<p><mark style=\"background-color:rgba(0, 0, 0, 0)\" class=\"has-inline-color has-accent-2-color\"><strong>Nicolas Prochazka<\/strong> <\/mark><strong>Tr\u00e9sorier<\/strong><\/p>\n\n\n\n<figure class=\"wp-block-image size-full\"><img loading=\"lazy\" decoding=\"async\" width=\"127\" height=\"119\" src=\"http:\/\/www.abhyasa.fr\/wp-content\/uploads\/2025\/07\/abhyasa-logo1.jpg\" alt=\"\" class=\"wp-image-1327\"\/><\/figure>\n\n\n\n<p><\/p>\n\n\n\n<p><strong>Un mot de la Pr\u00e9sidente Am\u00e9lie Piottin<\/strong><\/p>\n\n\n\n<p>\u00ab\u00a0Envie de trouver l&rsquo;\u00e9quilibre, la s\u00e9r\u00e9nit\u00e9 et une nouvelle \u00e9nergie ? Rejoignez notre association de yoga ABHYASA !<\/p>\n\n\n\n<p>D\u00e9couvrez les multiples bienfaits du yoga pour votre bien-\u00eatre physique et mental. Pratique ancestrale, le yoga offre une approche holistique pour am\u00e9liorer votre qualit\u00e9 de vie, quel que soit votre \u00e2ge et votre niveau sportif, que vous soyez d\u00e9butant ou confirm\u00e9. Il contribue \u00e0 renforcer la souplesse et la force musculaire, \u00e0 am\u00e9liorer l&rsquo;\u00e9quilibre et la posture, et \u00e0 soulager les douleurs dorsales. Au-del\u00e0 des aspects physiques, le yoga est un excellent outil pour r\u00e9duire le stress et l&rsquo;anxi\u00e9t\u00e9, favoriser la relaxation, et am\u00e9liorer la concentration et la clart\u00e9 mentale. Rejoindre notre association pour une pratique r\u00e9guli\u00e8re tout au long de l&rsquo;ann\u00e9e, c&rsquo;est venir explorer les bienfaits transformateurs du yoga et cultiver un mode de vie plus sain et plus \u00e9quilibr\u00e9.\u00a0\u00bb<\/p>\n\n\n\n<p><\/p>\n","protected":false},"excerpt":{"rendered":"<p>Constitution du bureau de l&rsquo;association : Am\u00e9lie Piottin \/ Nouvelle Pr\u00e9sidente depuis le 01 avril 2025 Delphine Dufour \/ Nouvelle Secr\u00e9taire depuis le 01 avril 2025 Nicolas Prochazka Tr\u00e9sorier Un mot de la Pr\u00e9sidente Am\u00e9lie &hellip;<\/p>\n","protected":false},"author":1,"featured_media":0,"parent":0,"menu_order":0,"comment_status":"closed","ping_status":"closed","template":"","meta":{"footnotes":""},"class_list":["post-1324","page","type-page","status-publish","hentry"],"_links":{"self":[{"href":"https:\/\/www.abhyasa.fr\/index.php\/wp-json\/wp\/v2\/pages\/1324","targetHints":{"allow":["GET"]}}],"collection":[{"href":"https:\/\/www.abhyasa.fr\/index.php\/wp-json\/wp\/v2\/pages"}],"about":[{"href":"https:\/\/www.abhyasa.fr\/index.php\/wp-json\/wp\/v2\/types\/page"}],"author":[{"embeddable":true,"href":"https:\/\/www.abhyasa.fr\/index.php\/wp-json\/wp\/v2\/users\/1"}],"replies":[{"embeddable":true,"href":"https:\/\/www.abhyasa.fr\/index.php\/wp-json\/wp\/v2\/comments?post=1324"}],"version-history":[{"count":6,"href":"https:\/\/www.abhyasa.fr\/index.php\/wp-json\/wp\/v2\/pages\/1324\/revisions"}],"predecessor-version":[{"id":1388,"href":"https:\/\/www.abhyasa.fr\/index.php\/wp-json\/wp\/v2\/pages\/1324\/revisions\/1388"}],"wp:attachment":[{"href":"https:\/\/www.abhyasa.fr\/index.php\/wp-json\/wp\/v2\/media?parent=1324"}],"curies":[{"name":"wp","href":"https:\/\/api.w.org\/{rel}","templated":true}]}}