{"id":1245,"date":"2024-07-27T13:00:56","date_gmt":"2024-07-27T11:00:56","guid":{"rendered":"http:\/\/www.abhyasa.fr\/?page_id=1245"},"modified":"2025-07-21T18:15:05","modified_gmt":"2025-07-21T16:15:05","slug":"yoga-doux","status":"publish","type":"page","link":"https:\/\/www.abhyasa.fr\/index.php\/yoga-doux\/","title":{"rendered":"Yoga Doux"},"content":{"rendered":"\n<p class=\"has-text-align-center\">(Inscription possible en cours d\u2019ann\u00e9e)<\/p>\n\n\n\n<h4 class=\"wp-block-heading has-text-align-center has-normal-font-size\"><strong><u><strong><u>S\u00e9ances de YOGA Doux<\/u><\/strong><\/u><\/strong><\/h4>\n\n\n\n<p class=\"has-text-align-center\"><strong>En partenariat avec l&rsquo;espace s\u00e9nior Vicquelin<\/strong><\/p>\n\n\n\n<p class=\"has-text-align-center has-accent-2-color has-text-color has-link-color wp-elements-84aac71c4296f9ca4eb7ba609a6ac95a\"><strong>Le lundi<\/strong><\/p>\n\n\n\n<p class=\"has-text-align-center has-accent-2-color has-text-color has-link-color wp-elements-c5179fb2c54c40fc2e08065971a49269\"><strong>de 16h30 \u00e0 17h30<\/strong><\/p>\n\n\n\n<p class=\"has-text-align-center\">(<em>hors vacances scolaires<\/em>)<\/p>\n\n\n\n<p class=\"has-text-align-center\">Reprise des s\u00e9ances<strong> <\/strong><\/p>\n\n\n\n<p class=\"has-text-align-center\"><strong>le lundi 08 septembre 2025<\/strong><\/p>\n\n\n\n<p class=\"has-text-align-center\">A la Grange aux D\u00eemes<\/p>\n\n\n\n<p class=\"has-text-align-center\">Ouistreham<\/p>\n","protected":false},"excerpt":{"rendered":"<p>(Inscription possible en cours d\u2019ann\u00e9e) S\u00e9ances de YOGA Doux En partenariat avec l&rsquo;espace s\u00e9nior Vicquelin Le lundi de 16h30 \u00e0 17h30 (hors vacances scolaires) Reprise des s\u00e9ances le lundi 08 septembre 2025 A la Grange &hellip;<\/p>\n","protected":false},"author":1,"featured_media":0,"parent":0,"menu_order":0,"comment_status":"closed","ping_status":"closed","template":"","meta":{"footnotes":""},"class_list":["post-1245","page","type-page","status-publish","hentry"],"_links":{"self":[{"href":"https:\/\/www.abhyasa.fr\/index.php\/wp-json\/wp\/v2\/pages\/1245","targetHints":{"allow":["GET"]}}],"collection":[{"href":"https:\/\/www.abhyasa.fr\/index.php\/wp-json\/wp\/v2\/pages"}],"about":[{"href":"https:\/\/www.abhyasa.fr\/index.php\/wp-json\/wp\/v2\/types\/page"}],"author":[{"embeddable":true,"href":"https:\/\/www.abhyasa.fr\/index.php\/wp-json\/wp\/v2\/users\/1"}],"replies":[{"embeddable":true,"href":"https:\/\/www.abhyasa.fr\/index.php\/wp-json\/wp\/v2\/comments?post=1245"}],"version-history":[{"count":9,"href":"https:\/\/www.abhyasa.fr\/index.php\/wp-json\/wp\/v2\/pages\/1245\/revisions"}],"predecessor-version":[{"id":1346,"href":"https:\/\/www.abhyasa.fr\/index.php\/wp-json\/wp\/v2\/pages\/1245\/revisions\/1346"}],"wp:attachment":[{"href":"https:\/\/www.abhyasa.fr\/index.php\/wp-json\/wp\/v2\/media?parent=1245"}],"curies":[{"name":"wp","href":"https:\/\/api.w.org\/{rel}","templated":true}]}}